{"id":987718,"date":"2022-07-17T21:18:32","date_gmt":"2022-07-17T21:18:32","guid":{"rendered":"https:\/\/reciprocity.africa\/?page_id=987718"},"modified":"2024-09-26T08:20:47","modified_gmt":"2024-09-26T08:20:47","slug":"people","status":"publish","type":"page","link":"https:\/\/reciprocity.africa\/fr\/people","title":{"rendered":"Notre \u00e9quipe"},"content":{"rendered":"<div class=\"vgblk-rw-wrapper limit-wrapper\">\n\n\t\t\t\t\t\t\t<img loading=\"lazy\" decoding=\"async\" src=\"https:\/\/reciprocity.africa\/wp-content\/uploads\/2022\/09\/people.jpg\" alt=\"people\" itemprop=\"image\" height=\"1269\" width=\"1015\" title=\"people\" onerror=\"this.style.display='none'\"  sizes=\"auto, (max-width: 768px) 100vw, 100vw\" srcset=\"https:\/\/reciprocity.africa\/wp-content\/uploads\/2022\/09\/people.jpg 1015w, https:\/\/reciprocity.africa\/wp-content\/uploads\/2022\/09\/people-240x300.jpg 240w, https:\/\/reciprocity.africa\/wp-content\/uploads\/2022\/09\/people-819x1024.jpg 819w, https:\/\/reciprocity.africa\/wp-content\/uploads\/2022\/09\/people-768x960.jpg 768w, https:\/\/reciprocity.africa\/wp-content\/uploads\/2022\/09\/people-10x12.jpg 10w, https:\/\/reciprocity.africa\/wp-content\/uploads\/2022\/09\/people-630x788.jpg 630w, https:\/\/reciprocity.africa\/wp-content\/uploads\/2022\/09\/people-420x525.jpg 420w, https:\/\/reciprocity.africa\/wp-content\/uploads\/2022\/09\/people-840x1050.jpg 840w, https:\/\/reciprocity.africa\/wp-content\/uploads\/2022\/09\/people-315x394.jpg 315w\" \/>\t\t\t\t\t\t\t\n\t<h3>Notre \u00e9quipe, bas\u00e9e \u00e0 Cape Town et \u00e0 Tunis, compl\u00e9t\u00e9e par un r\u00e9seau de consultants ind\u00e9pendants \u00e0 travers le monde<\/h3>\n<p>Nos deux fondateurs sont Nicolas Pascarel et Pierre Coetzer. Notre \u00e9quipe a \u00e9t\u00e9 form\u00e9e en sciences commerciales, psychologie sociale et en relations internationales, et cumule une exp\u00e9rience professionnelle dans le secteur financier, de la publicit\u00e9, de la gestion environnementale et du d\u00e9veloppement durable. Cela nous permet de proposer une palette de connaissances et d\u2019exp\u00e9riences capables de r\u00e9pondre aux besoins de nos clients.<\/p>\n<p>Nous sommes anim\u00e9s par la conviction que dans les bonnes conditions, le monde de l\u2019entreprise peut apporter une immense contribution au d\u00e9veloppement durable dans le monde.<\/p>\n<p>Nos fondateurs sont Nicolas Pascarel et Pierre Coetzer.<\/p>\n<p>You can reach us at <a href=\"mailto:info@reciprocity.africa\"><strong>info@reciprocity.africa<\/strong><\/a><\/p>\n\n<\/div><!-- .vgblk-rw-wrapper -->","protected":false},"excerpt":{"rendered":"<p>Reciprocity has\u00a0a core team of consultants based in Cape Town, completed by independent contributors located in different parts of the world. With academic backgrounds in development economics, social psychology, international relations, business administration and professional experience in fields as diverse as investment banking, advertising &amp; communications, environmental management and sustainable development, we bring a unique&#8230;<\/p>","protected":false},"author":1,"featured_media":0,"parent":0,"menu_order":0,"comment_status":"closed","ping_status":"closed","template":"","meta":{"inline_featured_image":false,"footnotes":""},"class_list":["post-987718","page","type-page","status-publish","hentry"],"_links":{"self":[{"href":"https:\/\/reciprocity.africa\/fr\/wp-json\/wp\/v2\/pages\/987718","targetHints":{"allow":["GET"]}}],"collection":[{"href":"https:\/\/reciprocity.africa\/fr\/wp-json\/wp\/v2\/pages"}],"about":[{"href":"https:\/\/reciprocity.africa\/fr\/wp-json\/wp\/v2\/types\/page"}],"author":[{"embeddable":true,"href":"https:\/\/reciprocity.africa\/fr\/wp-json\/wp\/v2\/users\/1"}],"replies":[{"embeddable":true,"href":"https:\/\/reciprocity.africa\/fr\/wp-json\/wp\/v2\/comments?post=987718"}],"version-history":[{"count":6,"href":"https:\/\/reciprocity.africa\/fr\/wp-json\/wp\/v2\/pages\/987718\/revisions"}],"predecessor-version":[{"id":988910,"href":"https:\/\/reciprocity.africa\/fr\/wp-json\/wp\/v2\/pages\/987718\/revisions\/988910"}],"wp:attachment":[{"href":"https:\/\/reciprocity.africa\/fr\/wp-json\/wp\/v2\/media?parent=987718"}],"curies":[{"name":"wp","href":"https:\/\/api.w.org\/{rel}","templated":true}]}}