{"id":987683,"date":"2022-07-17T20:32:10","date_gmt":"2022-07-17T20:32:10","guid":{"rendered":"https:\/\/reciprocity.africa\/?page_id=987683"},"modified":"2022-08-24T10:39:45","modified_gmt":"2022-08-24T10:39:45","slug":"introduce","status":"publish","type":"page","link":"https:\/\/reciprocity.africa\/fr\/company\/introduce","title":{"rendered":"Introduire"},"content":{"rendered":"<div class=\"vgblk-rw-wrapper limit-wrapper\">\n\n\t<h3>La deuxi\u00e8me \u00e9tape d\u2019une compr\u00e9hension du march\u00e9, c\u2019est de\u00a0<strong>rencontrer<\/strong>,<\/h3>\n<h3><strong>\u00e9couter<\/strong>\u00a0et\u00a0<strong>\u00e9changer <\/strong>avec des foyers et des micro-entreprises dans les milieux \u00e0 bas revenus.<\/h3>\n\t<h5>Reciprocity&#8217;s Learning Journeys are designed to expose corporate executives and managers to the BoP, through direct immersion: Meeting with single mothers living in shacks, with families living in state-subsidized housing, with members of the emerging middle classes, with small business owners in the street&#8230;<\/h5>\nCe type d\u2019interaction est essentiel pour appr\u00e9hender la diversit\u00e9 et la complexit\u00e9 des \u00e9cosyst\u00e8mes BoP.<br \/>\nLes Learning Journeys font partie int\u00e9grante d\u2019un processus d\u2019innovation par lequel Reciprocity peut vous aider \u00e0 identifier des opportunit\u00e9s et des partenariats potentiels.\n\t<h4>La prochaine \u00e9tape naturelle apr\u00e8s le processus d'introduction est de creuser davantage<\/h4>\n<h4>en\u00a0<strong>\u00e9tudiant<\/strong>\u00a0et en \u00e9tayant les intuitions avec des donn\u00e9es qualitatives et quantitatives.<\/h4>\n<h3>\n\tNos exp\u00e9riences\n\t<\/h3>\n\t\t\tJOHNSON &#038; JOHNSON\t\t\n\t\t\tBROWN UNIVERSITY\t\t\n\t\t\tLONDON BUSINESS SCHOOL\t\t\n\t\t\tANGLO AMERICAN ENTERPRISE DEVELOPMENT AT THE BOP\t\t\n\t\t\tSCHNEIDER ELECTRIC : ACCESS TO ENERGY\t\t\n\t\t\tTOTAL COAL : ENTERPRISE DEVELOPMENT\t\t\n\t\t\tUNIVERSITY OF CAPE TOWN : EMERGING ENTERPRISE CONSULTING \t\t\n\t\t\tINSURANCE COMPANIES\t\t\n\t\t\t\t<p><img loading=\"lazy\" decoding=\"async\" src=\"https:\/\/reciprocity.africa\/wp-content\/uploads\/2022\/07\/jnj-580x303-1-300x157.jpeg\" alt=\"\" width=\"141\" height=\"74\" \/>J&amp;J (<a href=\"https:\/\/www.jnj.com\/\">Johnson &amp; Johnson<\/a>), like many other multinational businesses, seeks to better understand its role and position in low-income markets, and assess the potential for combining growth with positive impact and socio-economic change at the BoP.Low-income markets are relatively unknown to R&amp;D or marketing departments, and sometimes wrongly viewed only through the angle of corporate social responsibility.Reciprocity disagrees with such assumptions and offers to rather identify levers and tools of development through Learning Journeys of one or multiple days, physically exposing corporate executives and managers to the BoP.\u00a0Since 2012, J&amp;J and other corporates have markedly improved their understanding of BoP markets, providing them with opportunities to develop and implement suitable and effective strategies.<\/p>\t\t\t\n\t\t\t\t<p><img loading=\"lazy\" decoding=\"async\" src=\"https:\/\/reciprocity.africa\/wp-content\/uploads\/2022\/07\/Brown-Logo-300x167.jpeg\" alt=\"\" width=\"201\" height=\"112\" \/>L'\u00e9cole de l'Ivy League\u00a0<a href=\"http:\/\/www.brown.edu\/\">Brown University<\/a>\u00a0in collaboration with Madrid&#8217;s\u00a0<a href=\"https:\/\/www.ie.edu\/business-school\/\">\u00c9cole de commerce de l'IE \u00e0 Madrid<\/a>, seeks opportunities to develop innovative business models in strategic sectors (Energy, Housing, Financial services, etc) targeting low-income markets.\u00a0The specifics of low-income markets require innovative strategies rather than adapting existing models.Reciprocity develops, designs and implements an annual field research programme for <a href=\"http:\/\/www.investopedia.com\/terms\/e\/executive-mba.asp\">\u00a0Executive MBA<\/a>s of IE Business School and Brown University. Since 2012, this programme has led to the development of multiple initiatives with strong potential in various domains including energy, health, finance, housing and sanitation.<\/p>\t\t\t\n\t\t\t\t<p><img loading=\"lazy\" decoding=\"async\" src=\"https:\/\/reciprocity.africa\/wp-content\/uploads\/2022\/07\/LBS-1-300x300.jpeg\" alt=\"\" width=\"146\" height=\"146\" \/>Les \u00e9coles de commerce cherchent \u00e0 exposer leurs \u00e9tudiants aux march\u00e9s \u00e9mergents. Chaque ann\u00e9e, Reciprocity donne l'occasion \u00e0 85 \u00e0 90 \u00e9tudiants de MBA de\u00a0<a href=\"https:\/\/www.london.edu\/\">l'\u00c9cole de commerce de London<\/a>\u00a0to gain a better understanding of the diversity and complexity of profiles in the township of Alexandra in Johannesburg.Divided in teams of 4 to 5, MBAs are fully immersed for a period of one week with their client; and guided by a methodology specifically developed for the programme. Through this direct immersion, MBA students get an opportunity to improve their understanding of informal market dynamics in low-income communities.Since 2012, 135 SMEs in Alexandra have benefited from recommendations and ideas formulated by the <a href=\"https:\/\/www.london.edu\/\">LBS (London Business School).<\/a> teams. Over 10 years, approximately 700 graduate students of LBS have completed this programme and been exposed to the complexities of informal entrepreneurship and entrepreneurial ecosystems in emerging markets.<\/p>\t\t\t\n\t\t\t\t<p><img loading=\"lazy\" decoding=\"async\" src=\"https:\/\/reciprocity.africa\/wp-content\/uploads\/2022\/07\/anglo-american-300x300.jpeg\" alt=\"\" width=\"102\" height=\"102\" \/>Anglo American is to South Africa what General Motors and Ford used to be for the United States: A corporate giant that played a huge role in the country&#8217;s economic development over the past 100 years. It is now a truly global corporation with operations all over the world and is actively engaged in fostering enterprise development at the BoP in all the communities it works in.Every year, Reciprocity takes a delegation of Anglo executives from Brazil, South Africa, Mali, Namibia, Australia, Europe and elsewhere to Nyanga, Khayelitsha and Philippi in Cape Town in order to catch a glance of Cape Town&#8217;s rich and diverse BoP economic landscape: Looking at transport nodes, meeting with informal and formal traders, with service providers, studying local innovative models such as sewing cooperatives&#8230; and getting inspiration for enterprise development and empowerment projects in South Africa, Brazil, Mali and other countries of operation.<\/p>\t\t\t\n\t\t\t\t<p><img loading=\"lazy\" decoding=\"async\" src=\"https:\/\/reciprocity.africa\/wp-content\/uploads\/2022\/07\/schneider-electric-1-300x300.jpeg\" alt=\"\" width=\"148\" height=\"148\" \/>Reciprocity took Schneider Electric on a &#8220;deep dive&#8221; into the energy market for low-income households in the Cape Town townships. The aim of the Learning Journey was to meet a variety of stakeholders shaping the market at the lower income end, including:\u00b7 End-Consumers \/ Prepaid users: Households living in informal as well as formal dwellings, some of them clients of Housing Microfinance Institutions, gaining an understanding of the issues surrounding access, affordability, usage patterns of electricity (electrical devices), and life at home.<br \/>- Commer\u00e7ants secondaires : Il s'agit de consommateurs finaux l\u00e9galement connect\u00e9s au r\u00e9seau, mais qui font du commerce d'\u00e9lectricit\u00e9 en la revendant \u00e0 leurs voisins, avec un b\u00e9n\u00e9fice, souvent par le biais de connexions ill\u00e9gales ;<br \/>- Les d\u00e9taillants : Les propri\u00e9taires de magasins spaza, omnipr\u00e9sents, qui vendent des bons d'\u00e9lectricit\u00e9 pr\u00e9pay\u00e9s.<br \/>- Les \u00e9lectriciens : Qu'ils soient officiels ou clandestins, ils travaillent \u00e0 fournir un acc\u00e8s en connectant les m\u00e9nages \u00e0 faibles revenus au r\u00e9seau.<\/p>\t\t\t\n\t\t\t\t<p><img loading=\"lazy\" decoding=\"async\" src=\"https:\/\/reciprocity.africa\/wp-content\/uploads\/2022\/07\/total-300x300.jpeg\" alt=\"\" width=\"123\" height=\"123\" \/>Total Coal is one of the biggest employers in Mpumalanga province and is actively engaged in a local economic development (LED) plan in Govan Mbeki district where it is based.Total Coal asked Reciprocity to take two of its executives on a learning journey focusing on the business fabric of Nyanga, Gughulethu and Khayelitsha, looking at &#8220;Enterprise Development&#8221; business models in the telecom industry (access to voice and datas), the finance industry (access to loan and retail banking) and the retail (informal spaza shops) catering specifically for the low income market. This journey provided delegates with concrete, replicable examples from which to draw inspiration applicable to Total Coal&#8217;s &#8220;Enterprise Development&#8221; strategy.<\/p>\t\t\t\n\t\t\t\t<p><img loading=\"lazy\" decoding=\"async\" src=\"https:\/\/reciprocity.africa\/wp-content\/uploads\/2022\/07\/uct-300x300.jpeg\" alt=\"\" width=\"137\" height=\"137\" \/>Aimed mainly at MBA students, EEC missions consist of \ufb01eld work for exchange students in the informal and formal entrepreneurial tissue at the BoP. Students are assigned in small teams to an entrepreneur from the townships, with the aim of improving his or her prospects. These consulting missions can last between 1 to 6 weeks, depending on the type of formula chosen by the academic institution. Alternative types of \ufb01eld exposure for students and academics may involve speci\ufb01c consulting missions on behalf of corporate partners of academic institutions, aimed at studying existing efforts by these corporates to reach BoP markets: distribution models, micro-franchises, procurement&#8230;When it comes to understanding BoP economics, it is dif\ufb01cult to beat the hands-on experience and lessons learnt from working with a micro-entrepreneur from the BoP. In many ways, the actual teacher here is the micro-entrepreneur. The learnings gained through such an experience are immense, for students as well as for MNCs trading or interested in trading at the BoP.Through the University of Cape Town, we offer the EEC programme to international MBA students from Columbia, Cornell, UNC Kenan-flager, Duke, Kellogg University&#8230; and several othersAccess the EEC Website and meet with the entrepreneurs.<\/p>\t\t\t\n\t\t\t\t<p><img loading=\"lazy\" decoding=\"async\" src=\"https:\/\/reciprocity.africa\/wp-content\/uploads\/2022\/07\/insurances-companies-300x300.jpeg\" alt=\"\" width=\"157\" height=\"157\" \/>The purpose of our Learning Journeys on insurance are to investigate the insurance needs in low-income communities, using Alexandra township in Johannesburg as a benchmark.Split into groups of 6-7, our delegates, drawn from leading insurance companies from all over Africa, interacted with ordinary household members in shacks, RDP houses, council houses as well as with small business owners in order understand the insurance market at the BoP and its challenges, as well as to discuss, identify and visualize market opportunities for the development of micro-insurance products.<\/p>\t\t\t\n\n<\/div><!-- .vgblk-rw-wrapper -->","protected":false},"excerpt":{"rendered":"<p>The second step towards understanding the market is to\u00a0meet, listen\u00a0and\u00a0talk to people at the BoP. Reciprocity&#8217;s Learning Journeys are designed to expose corporate executives and managers to the BoP, through direct immersion: Meeting with single mothers living in shacks, with families living in state-subsidized housing, with members of the emerging middle classes, with small business&#8230;<\/p>","protected":false},"author":1,"featured_media":0,"parent":11410,"menu_order":0,"comment_status":"closed","ping_status":"closed","template":"","meta":{"inline_featured_image":false,"footnotes":""},"class_list":["post-987683","page","type-page","status-publish","hentry"],"_links":{"self":[{"href":"https:\/\/reciprocity.africa\/fr\/wp-json\/wp\/v2\/pages\/987683","targetHints":{"allow":["GET"]}}],"collection":[{"href":"https:\/\/reciprocity.africa\/fr\/wp-json\/wp\/v2\/pages"}],"about":[{"href":"https:\/\/reciprocity.africa\/fr\/wp-json\/wp\/v2\/types\/page"}],"author":[{"embeddable":true,"href":"https:\/\/reciprocity.africa\/fr\/wp-json\/wp\/v2\/users\/1"}],"replies":[{"embeddable":true,"href":"https:\/\/reciprocity.africa\/fr\/wp-json\/wp\/v2\/comments?post=987683"}],"version-history":[{"count":6,"href":"https:\/\/reciprocity.africa\/fr\/wp-json\/wp\/v2\/pages\/987683\/revisions"}],"predecessor-version":[{"id":987887,"href":"https:\/\/reciprocity.africa\/fr\/wp-json\/wp\/v2\/pages\/987683\/revisions\/987887"}],"up":[{"embeddable":true,"href":"https:\/\/reciprocity.africa\/fr\/wp-json\/wp\/v2\/pages\/11410"}],"wp:attachment":[{"href":"https:\/\/reciprocity.africa\/fr\/wp-json\/wp\/v2\/media?parent=987683"}],"curies":[{"name":"wp","href":"https:\/\/api.w.org\/{rel}","templated":true}]}}