{"id":12968,"date":"2017-06-13T16:58:37","date_gmt":"2017-06-13T16:58:37","guid":{"rendered":"https:\/\/landscaping.vamtam.com\/?page_id=12968"},"modified":"2026-03-23T10:38:09","modified_gmt":"2026-03-23T10:38:09","slug":"inform","status":"publish","type":"page","link":"https:\/\/reciprocity.africa\/fr\/company\/inform","title":{"rendered":"Informer"},"content":{"rendered":"<div class=\"vgblk-rw-wrapper limit-wrapper\">\n\n\t<h3>\u00ab Information \u00bb est la premi\u00e8re \u00e9tape d\u2019une compr\u00e9hension des march\u00e9s \u00e0 bas revenus, et d\u2019appr\u00e9hender la mani\u00e8re dont l\u2019entrepreneuriat inclusif et l\u2019entrepreneuriat social peuvent am\u00e9liorer les conditions de vies dans des communaut\u00e9s \u00e0 bas revenu.<\/h3>\n\t<h5>Companies, academic institutions and international organisations typically need to answer questions such as:<\/h5>\n<p>&nbsp;<\/p>\n<ul>\n<li>Quels sont les besoins et les attentes qui doivent \u00eatre combl\u00e9s, et quelle est la taille du march\u00e9 ?<\/li>\n<li>Comment les produits et services de base sont-ils utilis\u00e9s au quotidien, et comment les d\u00e9cisions d\u2019achat sont-elles prises ?<\/li>\n<li>A quoi ressemble la cha\u00eene de distribution et d\u2019approvisionnement ?<\/li>\n<li>Quels sont les mod\u00e8les innovants qui ont d\u00e9j\u00e0 fait leurs preuves dans les milieux \u00e0 bas revenus, et comment ont-ils \u00e9t\u00e9 mis en pratique ?<\/li>\n<\/ul>\n<p>Over the past 10 years, Reciprocity has compiled a significant body of research on these questions in a variety of sectors such as Energy, Housing, Financial services, Fast Moving Consumer Goods, and Health Care. Our clients include the United Nations Development Programme (UNDP), The World Bank, German Development Agency GIZ, Southern Africa Trust, and the Southern Africa Regional Programme on Access to Medicines and Diagnostics (SARPAM).<\/p>\n\t<h4>Information\u00a0is a first step towards developing a low-income market strategy.<br \/>\nFrom here, you can decide to\u00a0immerse\u00a0yourself in the dynamics of low-income markets,\u00a0investigate,<\/h4>\n<h4>design and implement a\u00a0pilot, or do all three of those.<\/h4>\n<h3>\n\tNos exp\u00e9riences\n\t<\/h3>\n\t\t\tUNDP : INCLUSIVE TOURISM UGANDA\t\t\n\t\t\tUNDP : GROWING INCLUSIVE MARKETS (GIM) INITIATIVE\t\t\n\t\t\tGERMAN FEDERAL DEVELOPMENT AGENCY \t\t\n\t\t\tTHE BOP LEARNING LAB SOUTHERN AFRICA\t\t\n\t\t\tUNDP: SOLAR ENERGY IN SENEGAL\t\t\n\t\t\t\t<p><img loading=\"lazy\" decoding=\"async\" src=\"https:\/\/reciprocity.africa\/wp-content\/uploads\/2022\/07\/undp-square-bis-300x300.jpeg\" alt=\"\" width=\"98\" height=\"98\" \/>UNDP, in collaboration with both public and private institutions in the tourism sector in Uganda, has sought\u00a0 to promote the development of inclusive business models in the tourism sector and and maximise their impact, especially through the inclusion of low-income communities. The tourism sector in Uganda is currently facing a number of challenges preventing it from reaching its full potential.Reciprocity, in collaboration with Endeva, co-organised a workshop in Kampala aimed at creating a &#8220;collaborative platform&#8221; involving key stakeholders from the public and private sectors, and civil society.The collaborative platform launched by the Minister of Tourism of Uganda in April 2017, presented a specific plan of action in 5 strategic domains.\u00a0<\/p>\t\t\t\n\t\t\t\t<p><img loading=\"lazy\" decoding=\"async\" src=\"https:\/\/reciprocity.africa\/wp-content\/uploads\/2022\/07\/undp-square-bis-300x300.jpeg\" alt=\"\" width=\"102\" height=\"102\" \/>Lanc\u00e9 en 2006,\u00a0<a href=\"http:\/\/www.growinginclusivemarkets.org\/\">UNDP&#8217;s Growing Inclusive Markets\u00a0<\/a>(GIM) initiative has compiled the world&#8217;s most extensive database of inclusive business models on six continents. Reciprocity contributed two case studies to this growing body of knowledge:<br \/>&#8211;\u00a0<a href=\"http:\/\/growinginclusivemarkets.org\/media\/cases\/SouthAfrica_Mondi_2010.pdf\">Mondi Paper Recycling : Externalisation de la cha\u00eene d'approvisionnement<\/a><br \/>&#8211;\u00a0<a href=\"http:\/\/cases.growinginclusivemarkets.org\/documents\/114\">Moladi : Une solution de logement abordable pour les pauvres ?<\/a>Over the past 15 years,\u00a0<a href=\"http:\/\/www.undp.org\/\">Le Programme des Nations Unies pour le d\u00e9veloppement<\/a> (UNDP) has been one of the leading global organisations conducting extensive research on inclusive business models and their developmental impact, based on the premise that &#8220;the private sector is a great untapped resource for investment and innovation to achieve the Millennium Development Goals&#8221; (see: Creating Value for all: Strategies for doing business with the poor &#8211; UNDP GIM Report, 2008). The MDGs were replaced in 2015 by the <a href=\"https:\/\/sdgs.un.org\/goals\"><strong>Sustainable Development Goals<\/strong><\/a>, and UNDP continues to promote inclusive growth through inclusive business models through its<a href=\"https:\/\/www.undp.org\/partners\/private-sector\"> partnership strategy with the private sector<\/a>.\u00a0\u00a0<\/p>\t\t\t\n\t\t\t\t<p><img loading=\"lazy\" decoding=\"async\" src=\"https:\/\/reciprocity.africa\/wp-content\/uploads\/2022\/07\/giz-square-bis-300x300.jpeg\" alt=\"\" width=\"127\" height=\"127\" \/>In late 2010, The <a href=\"https:\/\/www.giz.de\">German Federal Development Agency GIZ<\/a> (formerly GTZ) conducted an extensive study on the impact of business on development in 6 countries around the world: Brazil, China, South Africa, Egypt, India and Mexico.Reciprocity was appointed country team for South Africa by Endeva, GIZ&#8217;s contractor.We produced a country profile as well as two case studies:<\/p><ul><li>Afrique du Sud : Un profil de pays<\/li><li>SABMiller : \u00c9tude de cas<\/li><li>Standard Bank : \u00c9tude de cas<\/li><\/ul>\t\t\t\n\t\t\t\t<p><img loading=\"lazy\" decoding=\"async\" src=\"https:\/\/reciprocity.africa\/wp-content\/uploads\/2022\/07\/bop-square-bis-300x300.jpeg\" alt=\"\" width=\"107\" height=\"107\" \/>The BoP Learning Lab was established in 2006 as a joint initiative by the University of Stellenbosch Business School (USB) and United States professors Stuart Hart and Michael Gordon. Spanning over four continents, the global network of BoP Learning Labs represents a &#8220;consortium of leading thinkers and practitioners interested in exploring new business opportunities in low-income communities that would benefit business as well as the local community&#8221;.The aim of the Learning Lab Southern Africa is to provide coverage and exposure to local inclusive business models and innovative business approaches with a high socio-economic impact.Between 2008 and 2015, Reciprocity organised events and wrote publications of the BoP Learning Lab. During that time, the BoP Learning Lab&#8217;s publishing unit has compiled an extensive collection of fact sheets, documenting the private sector&#8217;s role as a driver of socio-economic transformation.<br \/><a href=\"https:\/\/reciprocity.africa\/fr\/fact-sheets\/\">Acc\u00e9dez aux publications<\/a><\/p>\t\t\t\n\t\t\t\t<p><img loading=\"lazy\" decoding=\"async\" src=\"https:\/\/reciprocity.africa\/wp-content\/uploads\/2022\/07\/undp-square-bis-300x300.jpeg\" alt=\"\" width=\"98\" height=\"98\" \/>As part of an &#8220;ecosystem&#8221; approach to promote inclusive growth in strategic sectors such as energy, UNDP commissioned Reciprocity in 2016 to carry out an ecosystem mapping of Senegal&#8217;s solar energy sector that identified a number of challenges within Senegal&#8217;s solar energy ecosystem. These included a lack of positive incentives, quality standards, access to financing, workforce capacity, and awareness.During the mapping, UNDP and Reciprocity identified and engaged key stakeholders. They included representatives of government (the Ministry of Environment, the Ministry of Energy, the National Agency for the Promotion of Renewable Energy (ANER), and the Agency for Rural Electrification (ASER)), Senegal&#8217;s renewable energy business council COPERES, the Centre for Studies on Renewable Energy of Senegal (CERER), banks, beneficiary organisations, and private sector companies. The mapping exercise led to to the creation of a collaborative platform which advanced the agenda of solar energy in Senegal and led to tangible positive outcomes by 2020, including regulatory changes and better access to finance for solar energy companies operating in Senegal.\u00a0 \u00a0<\/p>\t\t\t\n\n<\/div><!-- .vgblk-rw-wrapper -->","protected":false},"excerpt":{"rendered":"<p>Information is the first step towards understanding low-income markets, and how inclusive business models and social enterprise models can improve livelihoods in low-income communities. Companies, academic institutions and international organisations typically need to answer questions such as: &nbsp; What are the needs and expectations that need to be addressed, and how big is the market?&#8230;<\/p>","protected":false},"author":1,"featured_media":0,"parent":11410,"menu_order":0,"comment_status":"closed","ping_status":"closed","template":"","meta":{"inline_featured_image":false,"footnotes":""},"class_list":["post-12968","page","type-page","status-publish","hentry"],"_links":{"self":[{"href":"https:\/\/reciprocity.africa\/fr\/wp-json\/wp\/v2\/pages\/12968","targetHints":{"allow":["GET"]}}],"collection":[{"href":"https:\/\/reciprocity.africa\/fr\/wp-json\/wp\/v2\/pages"}],"about":[{"href":"https:\/\/reciprocity.africa\/fr\/wp-json\/wp\/v2\/types\/page"}],"author":[{"embeddable":true,"href":"https:\/\/reciprocity.africa\/fr\/wp-json\/wp\/v2\/users\/1"}],"replies":[{"embeddable":true,"href":"https:\/\/reciprocity.africa\/fr\/wp-json\/wp\/v2\/comments?post=12968"}],"version-history":[{"count":10,"href":"https:\/\/reciprocity.africa\/fr\/wp-json\/wp\/v2\/pages\/12968\/revisions"}],"predecessor-version":[{"id":987886,"href":"https:\/\/reciprocity.africa\/fr\/wp-json\/wp\/v2\/pages\/12968\/revisions\/987886"}],"up":[{"embeddable":true,"href":"https:\/\/reciprocity.africa\/fr\/wp-json\/wp\/v2\/pages\/11410"}],"wp:attachment":[{"href":"https:\/\/reciprocity.africa\/fr\/wp-json\/wp\/v2\/media?parent=12968"}],"curies":[{"name":"wp","href":"https:\/\/api.w.org\/{rel}","templated":true}]}}