{"id":11419,"date":"2016-12-05T16:29:56","date_gmt":"2016-12-05T16:29:56","guid":{"rendered":"https:\/\/landscaping.vamtam.com\/?page_id=11419"},"modified":"2024-09-25T15:03:49","modified_gmt":"2024-09-25T15:03:49","slug":"home","status":"publish","type":"page","link":"https:\/\/reciprocity.africa\/fr\/","title":{"rendered":"Home &#8211; Classic"},"content":{"rendered":"<div class=\"vgblk-rw-wrapper limit-wrapper\">\n\n\t<h3 id=\"cmsms_heading_62d463b82d4b8\" data-animation=\"fadeInUpBig\" data-delay=\"0\">Nous vous aidons \u00e0 d\u00e9velopper des entreprises plus inclusives<\/h3>\n<p>Here&#8217;s how<\/p>\n<h4 id=\"cmsms_heading_62d463b82d4cd\" data-animation=\"fadeInUpBig\" data-delay=\"0\"><\/h4>\n<h3>\n\t\t\t<a href=\"https:\/\/reciprocity.africa\/fr\/company\/inform\/\" title=\"Informer\" target=\"_self\" rel=\"noopener\">\n\tInformer\n\t\t\t<\/a>\n\t<\/h3>\n\tUnderstanding low-income markets\n\t<a href=\"https:\/\/reciprocity.africa\/fr\/company\/inform\/\" target=\"_self\" role=\"button\" rel=\"noopener\">\n\t\t\t\t\tEn Savoir Plus\n\t<\/a>\n<h3>\n\t\t\t<a href=\"https:\/\/reciprocity.africa\/fr\/company\/introduce\/\" title=\"Introduire\" target=\"_self\" rel=\"noopener\">\n\tIntroduire\n\t\t\t<\/a>\n\t<\/h3>\n\tAller \u00e0 la rencontre des march\u00e9s \u00e0 la base de la pyramide: Observer, \u00e9couter, discuter.\n\t<a href=\"https:\/\/reciprocity.africa\/fr\/company\/introduce\/\" target=\"_self\" role=\"button\" rel=\"noopener\">\n\t\t\t\t\tEn Savoir Plus\n\t<\/a>\n<h3>\n\t\t\t<a href=\"https:\/\/reciprocity.africa\/fr\/company\/investigate\/\" title=\"Investiguer\" target=\"_self\" rel=\"noopener\">\n\tInvestiguer\n\t\t\t<\/a>\n\t<\/h3>\n\tCollecting and analyzing qualitative\nand quantitative data\n\t<a href=\"https:\/\/reciprocity.africa\/fr\/company\/investigate\/\" target=\"_self\" role=\"button\" rel=\"noopener\">\n\t\t\t\t\tEn Savoir Plus\n\t<\/a>\n<h3>\n\t\t\t<a href=\"https:\/\/reciprocity.africa\/fr\/company\/implement\/\" title=\"Mettre en pratique\" target=\"_self\" rel=\"noopener\">\n\tMettre en pratique\n\t\t\t<\/a>\n\t<\/h3>\n\tIdentifying potential routes to market,\ntesting findings and recommendations\nin real life conditions\n\t<a href=\"https:\/\/reciprocity.africa\/fr\/company\/implement\/\" target=\"_self\" role=\"button\" rel=\"noopener\">\n\t\t\t\t\tEn Savoir Plus\n\t<\/a>\n<h3>\n\tReciprocity\n\t<\/h3>\n\tReciprocity est une entreprise de conseil africaine sp\u00e9cialis\u00e9e dans les march\u00e9s \u00e0 bas revenus, les mod\u00e8les d\u2019entreprises inclusives et l\u2019entrepreneuriat social.<br \/>\nNous proposons nos services aux organisations qui cherchent \u00e0 avoir un impact \u00e0 la base de la pyramide \u00e9conomique \u00e0 travers quatre services :<br \/>\nInformer, Immerger, Investiguer et Mettre en pratique.<br \/>\nCes services peuvent se concevoir aussi bien comme des \u00e9tapes ind\u00e9pendantes les unes des autres que comme un package complet, de la th\u00e9orie \u00e0 la pratique.\n<p>To reach out to us: info@reciprocity.africa<\/p>\n\n<\/div><!-- .vgblk-rw-wrapper -->","protected":false},"excerpt":{"rendered":"<p>We help develop inclusive businesses Here&#8217;s how Inform Understanding low-income markets LEARN MORE Introduce Meet, listen and talk to people at the BoP LEARN MORE Investigate Collecting and analyzing qualitative and quantitative data LEARN MORE Implement Identifying potential routes to market, testing findings and recommendations in real life conditions LEARN MORE Reciprocity Reciprocity is an&#8230;<\/p>","protected":false},"author":1,"featured_media":0,"parent":0,"menu_order":0,"comment_status":"closed","ping_status":"closed","template":"","meta":{"inline_featured_image":false,"footnotes":""},"class_list":["post-11419","page","type-page","status-publish","hentry"],"_links":{"self":[{"href":"https:\/\/reciprocity.africa\/fr\/wp-json\/wp\/v2\/pages\/11419","targetHints":{"allow":["GET"]}}],"collection":[{"href":"https:\/\/reciprocity.africa\/fr\/wp-json\/wp\/v2\/pages"}],"about":[{"href":"https:\/\/reciprocity.africa\/fr\/wp-json\/wp\/v2\/types\/page"}],"author":[{"embeddable":true,"href":"https:\/\/reciprocity.africa\/fr\/wp-json\/wp\/v2\/users\/1"}],"replies":[{"embeddable":true,"href":"https:\/\/reciprocity.africa\/fr\/wp-json\/wp\/v2\/comments?post=11419"}],"version-history":[{"count":47,"href":"https:\/\/reciprocity.africa\/fr\/wp-json\/wp\/v2\/pages\/11419\/revisions"}],"predecessor-version":[{"id":988895,"href":"https:\/\/reciprocity.africa\/fr\/wp-json\/wp\/v2\/pages\/11419\/revisions\/988895"}],"wp:attachment":[{"href":"https:\/\/reciprocity.africa\/fr\/wp-json\/wp\/v2\/media?parent=11419"}],"curies":[{"name":"wp","href":"https:\/\/api.w.org\/{rel}","templated":true}]}}