{"id":11410,"date":"2016-12-05T16:27:32","date_gmt":"2016-12-05T16:27:32","guid":{"rendered":"https:\/\/landscaping.vamtam.com\/?page_id=11410"},"modified":"2024-09-25T15:13:34","modified_gmt":"2024-09-25T15:13:34","slug":"company","status":"publish","type":"page","link":"https:\/\/reciprocity.africa\/fr\/company","title":{"rendered":"Notre entreprise"},"content":{"rendered":"<div class=\"vgblk-rw-wrapper limit-wrapper\">\n\n\t<h3>Reciprocity propose une palette de services<\/h3>\n<h3>combinant les objectifs de d\u00e9veloppement durable et les objectifs commerciaux de ses clients.<\/h3>\n\t\t\t\t\t\t\t<img loading=\"lazy\" decoding=\"async\" src=\"https:\/\/reciprocity.africa\/wp-content\/uploads\/2022\/07\/map-africa-reciprocity-2.jpeg\" alt=\"map-africa-reciprocity-2\" itemprop=\"image\" height=\"1269\" width=\"1015\" title=\"map-africa-reciprocity-2\" onerror=\"this.style.display='none'\"  sizes=\"auto, (max-width: 768px) 100vw, 100vw\" srcset=\"https:\/\/reciprocity.africa\/wp-content\/uploads\/2022\/07\/map-africa-reciprocity-2.jpeg 1015w, https:\/\/reciprocity.africa\/wp-content\/uploads\/2022\/07\/map-africa-reciprocity-2-240x300.jpeg 240w, https:\/\/reciprocity.africa\/wp-content\/uploads\/2022\/07\/map-africa-reciprocity-2-819x1024.jpeg 819w, https:\/\/reciprocity.africa\/wp-content\/uploads\/2022\/07\/map-africa-reciprocity-2-768x960.jpeg 768w, https:\/\/reciprocity.africa\/wp-content\/uploads\/2022\/07\/map-africa-reciprocity-2-630x788.jpeg 630w, https:\/\/reciprocity.africa\/wp-content\/uploads\/2022\/07\/map-africa-reciprocity-2-420x525.jpeg 420w, https:\/\/reciprocity.africa\/wp-content\/uploads\/2022\/07\/map-africa-reciprocity-2-840x1050.jpeg 840w, https:\/\/reciprocity.africa\/wp-content\/uploads\/2022\/07\/map-africa-reciprocity-2-315x394.jpeg 315w\" \/>\t\t\t\t\t\t\t\n\t<p>&nbsp;<\/p>\n<p>Notre exp\u00e9rience au fil des ann\u00e9es nous a aid\u00e9 \u00e0 fondamentalement comprendre les besoins et les attentes des entreprises cherchant \u00e0 d\u00e9velopper leur offre de produits ou de services dans les milieux \u00e0 bas revenus. Dans le m\u00eame temps, notre proximit\u00e9 avec le terrain, gr\u00e2ce \u00e0 nos \u00e9quipes d\u2019experts recrut\u00e9s au sein des communaut\u00e9s dans lesquelles nous travaillons, nous permet de mieux appr\u00e9hender les dynamiques et les nuances des \u00e9cosyst\u00e8mes dans les march\u00e9s \u00e0 bas revenus.<\/p>\n<p>Reciprocity&#8217;s strength lies in our ability to speak the language of each of these different role players, enabling us to design, test and upscale business models with a high social and economic impact in low income segments.<\/p>\n<p class=\"translation-block\">Reciprocity propose des approches innovantes et cibl\u00e9es aux entreprises et aux organisations qui cherchent \u00e0 accro\u00eetre leur empreinte \u00e0 la base de la pyramide.<\/p>\n<p>We are reachable using info@reciprocity.africa<\/p>\n\n<\/div><!-- .vgblk-rw-wrapper -->","protected":false},"excerpt":{"rendered":"<p>Reciprocity provides a range of professional services that assist its clients to achieve both their development and business objectives. &nbsp; We fundamentally understand the key drivers and challenges of doing business in emerging markets. At the same time, we have acquired a unique exposure to the expectations of people at the base of the economic&#8230;<\/p>","protected":false},"author":1,"featured_media":0,"parent":0,"menu_order":0,"comment_status":"closed","ping_status":"closed","template":"","meta":{"inline_featured_image":false,"footnotes":""},"class_list":["post-11410","page","type-page","status-publish","hentry"],"_links":{"self":[{"href":"https:\/\/reciprocity.africa\/fr\/wp-json\/wp\/v2\/pages\/11410","targetHints":{"allow":["GET"]}}],"collection":[{"href":"https:\/\/reciprocity.africa\/fr\/wp-json\/wp\/v2\/pages"}],"about":[{"href":"https:\/\/reciprocity.africa\/fr\/wp-json\/wp\/v2\/types\/page"}],"author":[{"embeddable":true,"href":"https:\/\/reciprocity.africa\/fr\/wp-json\/wp\/v2\/users\/1"}],"replies":[{"embeddable":true,"href":"https:\/\/reciprocity.africa\/fr\/wp-json\/wp\/v2\/comments?post=11410"}],"version-history":[{"count":10,"href":"https:\/\/reciprocity.africa\/fr\/wp-json\/wp\/v2\/pages\/11410\/revisions"}],"predecessor-version":[{"id":988896,"href":"https:\/\/reciprocity.africa\/fr\/wp-json\/wp\/v2\/pages\/11410\/revisions\/988896"}],"wp:attachment":[{"href":"https:\/\/reciprocity.africa\/fr\/wp-json\/wp\/v2\/media?parent=11410"}],"curies":[{"name":"wp","href":"https:\/\/api.w.org\/{rel}","templated":true}]}}