{"id":11406,"date":"2016-12-05T16:27:00","date_gmt":"2016-12-05T16:27:00","guid":{"rendered":"https:\/\/landscaping.vamtam.com\/?page_id=11406"},"modified":"2022-07-19T22:00:04","modified_gmt":"2022-07-19T22:00:04","slug":"network","status":"publish","type":"page","link":"https:\/\/reciprocity.africa\/fr\/network","title":{"rendered":"Notre r\u00e9seau"},"content":{"rendered":"<div class=\"vgblk-rw-wrapper limit-wrapper\">\n<h3>Notre r\u00e9seau s\u2019articule autour de 4 piliers<\/h3>\n<h3>\n\tL\u2019expertise locale\n\t<\/h3>\n\t<p>Reciprocity&#8217;s main strength in terms of networking lies in its ability to mobilize teams of local experts from within the BoP, in urban as well as rural settings.<\/p>\n<p>Ces \u00e9quipes sont essentielles pour nous permettre de mener \u00e0 bien les missions de recherche et de conseil dans les milieux \u00e0 bas revenu.<\/p>\n<h3>\n\tLe secteur priv\u00e9\n\t<\/h3>\n\t<p>Our existing client base includes senior executives that are at the vanguard of their companies&#8217; efforts to design inclusive business models. These individuals play a critical role in driving innovative models and ideas on doing business at the base of the pyramid.<\/p>\n<h3>\n\tLe monde acad\u00e9mique\n\t<\/h3>\n\t<p>Nous avons \u00e9tabli des relations \u00e9troites avec des institutions acad\u00e9miques r\u00e9put\u00e9es, notamment le&nbsp;<a href=\"http:\/\/www.gsb.uct.ac.za\/\">Graduate School of Business<\/a>&nbsp;(Universit\u00e9 de Cape Town), le&nbsp;<a href=\"http:\/\/www.gibs.co.za\/\">Gordon Institute of Business Science<\/a>&nbsp;(GIBS, University of Pretoria) as well as a network of several dozen MBA alumni from leading American and European business schools. Reciprocity has built links with a variety of institutions which are actively engaged in the field of BoP economics: Such bodies include, for instance, the World Business Council for Sustainable Development (WBCSD), the United Nations Development Programme (UNDP), and PlaNet Finance, one of the world&#8217;s main microfinance consultancies.<\/p>\n<h3>\n\tOrganisations Internationales\n\t<\/h3>\n\t<p>Reciprocity collabore avec plusieurs organisations internationales engag\u00e9es dans la recherche et l\u2019action au sein des march\u00e9s \u00e0 bas revenus, comme le PNUD et la Banque africaine de d\u00e9veloppement, ou encore le Business Call to Action (BCTA).&nbsp;<a href=\"http:\/\/www.wbcsd.org\/\">World Business Council for Sustainable Development&nbsp;<\/a>(WBCSD),&nbsp;<a href=\"http:\/\/www.growinginclusivemarkets.org\/\">the United Nations Development Programme<\/a>&nbsp;(UNDP), and&nbsp;<a href=\"http:\/\/www.planetfinancegroup.org\/EN\/\">PlaNet Finance<\/a>, one of the world&#8217;s main microfinance consultancies.<\/p>\n<\/div><!-- .vgblk-rw-wrapper -->","protected":false},"excerpt":{"rendered":"<p>Reciprocity relies on four types of networks Local expertise Reciprocity&#8217;s main strength in terms of networking lies in its ability to mobilize teams of local experts from within the BoP, in urban as well as rural settings. This gives us the flexibility to work on a variety of consulting missions in any BoP environment. Private&#8230;<\/p>","protected":false},"author":1,"featured_media":0,"parent":0,"menu_order":0,"comment_status":"closed","ping_status":"closed","template":"","meta":{"inline_featured_image":false,"footnotes":""},"class_list":["post-11406","page","type-page","status-publish","hentry"],"_links":{"self":[{"href":"https:\/\/reciprocity.africa\/fr\/wp-json\/wp\/v2\/pages\/11406","targetHints":{"allow":["GET"]}}],"collection":[{"href":"https:\/\/reciprocity.africa\/fr\/wp-json\/wp\/v2\/pages"}],"about":[{"href":"https:\/\/reciprocity.africa\/fr\/wp-json\/wp\/v2\/types\/page"}],"author":[{"embeddable":true,"href":"https:\/\/reciprocity.africa\/fr\/wp-json\/wp\/v2\/users\/1"}],"replies":[{"embeddable":true,"href":"https:\/\/reciprocity.africa\/fr\/wp-json\/wp\/v2\/comments?post=11406"}],"version-history":[{"count":4,"href":"https:\/\/reciprocity.africa\/fr\/wp-json\/wp\/v2\/pages\/11406\/revisions"}],"predecessor-version":[{"id":987770,"href":"https:\/\/reciprocity.africa\/fr\/wp-json\/wp\/v2\/pages\/11406\/revisions\/987770"}],"wp:attachment":[{"href":"https:\/\/reciprocity.africa\/fr\/wp-json\/wp\/v2\/media?parent=11406"}],"curies":[{"name":"wp","href":"https:\/\/api.w.org\/{rel}","templated":true}]}}